{"id":1787,"date":"2025-11-14T07:09:44","date_gmt":"2025-11-14T07:09:44","guid":{"rendered":"https:\/\/slco.info\/?page_id=1787"},"modified":"2026-01-09T08:36:30","modified_gmt":"2026-01-09T08:36:30","slug":"datenschutz","status":"publish","type":"page","link":"https:\/\/slco.info\/sk\/datenschutz\/","title":{"rendered":"Ochrana \u00fadajov"},"content":{"rendered":"<div data-elementor-type=\"wp-page\" data-elementor-id=\"1787\" class=\"elementor elementor-1787\">\n\t\t\t\t<div class=\"elementor-element elementor-element-5ef7019 e-flex e-con-boxed e-con e-parent\" data-id=\"5ef7019\" data-element_type=\"container\" data-e-type=\"container\" data-settings=\"{&quot;background_background&quot;:&quot;classic&quot;}\">\n\t\t\t\t\t<div class=\"e-con-inner\">\n\t\t\t\t\t<\/div>\n\t\t\t\t<\/div>\n\t\t<div class=\"elementor-element elementor-element-44b6349 e-flex e-con-boxed e-con e-parent\" data-id=\"44b6349\" data-element_type=\"container\" data-e-type=\"container\">\n\t\t\t\t\t<div class=\"e-con-inner\">\n\t\t\t\t<div class=\"elementor-element elementor-element-a97b63f elementor-widget elementor-widget-text-editor\" data-id=\"a97b63f\" data-element_type=\"widget\" data-e-type=\"widget\" data-widget_type=\"text-editor.default\">\n\t\t\t\t<div class=\"elementor-widget-container\">\n\t\t\t\t\t\t\t\t\t<h3 style=\"font-style: normal; color: #0f172a;\" data-start=\"599\" data-end=\"645\"><span data-start=\"603\" data-end=\"645\">Datenshutzerkl\u00e4rung<\/span><\/h3><p data-start=\"405\" data-end=\"705\">Der Schutz Ihrer personenbezogenen Daten ist uns wichtig.<\/p><p data-start=\"405\" data-end=\"705\">Wir verarbeiten Daten nur gem\u00e4\u00df den geltenden Regelungen (insbesondere DSGVO).<\/p><h5 data-start=\"599\" data-end=\"645\"><strong data-start=\"603\" data-end=\"645\">I. Verantwortlich f\u00fcr die Verarbeitung<\/strong><\/h5><h6 data-start=\"646\" data-end=\"846\"><strong>SLCO GmbH &amp; Co. KG<\/strong><\/h6><p>Kulmbacherstra\u00dfe 42<br data-start=\"690\" data-end=\"693\" \/>95512 Neudrossenfeld<br data-start=\"713\" data-end=\"716\" \/>Deutschland<br data-start=\"727\" data-end=\"730\" \/>E-Mail: <a class=\"decorated-link cursor-pointer\" rel=\"noopener\" data-start=\"738\" data-end=\"750\">info@slco.de<\/a><br data-start=\"750\" data-end=\"753\" \/>Sie erreichen unseren Datenschutzbeauftragten unter:<\/p><p><strong data-start=\"808\" data-end=\"826\">Viktoria Lindt<\/strong> \u2013 <a class=\"decorated-link cursor-pointer\" rel=\"noopener\" data-start=\"829\" data-end=\"844\">v.lindt@slco.de<\/a><\/p><p>Diese Datenschutzerkl\u00e4rung gilt f\u00fcr die Verarbeitung personenbezogener Daten auf unserer Landing Page <strong data-start=\"950\" data-end=\"963\">slco.info<\/strong>.<\/p><h5 data-start=\"599\" data-end=\"645\">II. Erhebung und Speicherung personenbezogener Daten<\/h5><p data-start=\"1034\" data-end=\"1125\">Beim Besuch unserer Landing Page werden nur technisch notwendige Daten automatisch erfasst:<\/p><ul data-start=\"1127\" data-end=\"1362\"><li data-start=\"1127\" data-end=\"1165\"><p data-start=\"1129\" data-end=\"1165\">IP-Adresse des anfragenden Ger\u00e4tes<\/p><\/li><li data-start=\"1166\" data-end=\"1200\"><p data-start=\"1168\" data-end=\"1200\">Datum und Uhrzeit des Zugriffs<\/p><\/li><li data-start=\"1201\" data-end=\"1240\"><p data-start=\"1203\" data-end=\"1240\">Name und URL der aufgerufenen Datei<\/p><\/li><li data-start=\"1241\" data-end=\"1296\"><p data-start=\"1243\" data-end=\"1296\">Website, von der der Zugriff erfolgt (Referrer-URL)<\/p><\/li><li data-start=\"1297\" data-end=\"1362\"><p data-start=\"1299\" data-end=\"1362\">Browsertyp, Betriebssystem und ggf. Name des Access-Providers<\/p><\/li><\/ul><p data-start=\"1364\" data-end=\"1445\">Diese Daten werden <strong data-start=\"1383\" data-end=\"1407\">tempor\u00e4r in Logfiles<\/strong> gespeichert und ausschlie\u00dflich f\u00fcr:<\/p><ul data-start=\"1446\" data-end=\"1544\"><li data-start=\"1446\" data-end=\"1482\"><p data-start=\"1448\" data-end=\"1482\">reibungslosen Aufbau der Website<\/p><\/li><li data-start=\"1483\" data-end=\"1518\"><p data-start=\"1485\" data-end=\"1518\">Auswertung der Systemsicherheit<\/p><\/li><li data-start=\"1519\" data-end=\"1544\"><p data-start=\"1521\" data-end=\"1544\">administrative Zwecke<\/p><\/li><\/ul><p data-start=\"1546\" data-end=\"1624\">Die Daten werden <strong data-start=\"1563\" data-end=\"1623\">nicht genutzt, um R\u00fcckschl\u00fcsse auf Ihre Person zu ziehen<\/strong>.<\/p><p data-start=\"1626\" data-end=\"1732\"><strong data-start=\"1626\" data-end=\"1638\">Hinweis:<\/strong> Auf slco.info gibt es <strong data-start=\"1661\" data-end=\"1729\">keinen Login-Bereich, keine Registrierung und keinen Online-Shop<\/strong>.<\/p><h5 data-start=\"1739\" data-end=\"1759\">\u00a0<\/h5><h5 data-start=\"1739\" data-end=\"1759\"><strong data-start=\"1743\" data-end=\"1759\">III. Cookies<\/strong><\/h5><p data-start=\"1760\" data-end=\"1903\">Wir setzen nur technisch notwendige Cookies ein, z.B. f\u00fcr Session-Verwaltung.<br data-start=\"1837\" data-end=\"1840\" \/>Es werden <strong data-start=\"1850\" data-end=\"1892\">keine Tracking- oder Marketing-Cookies<\/strong> genutzt.<\/p><p data-start=\"1905\" data-end=\"1955\">Cookies k\u00f6nnen folgende Informationen speichern:<\/p><ul data-start=\"1957\" data-end=\"2043\"><li data-start=\"1957\" data-end=\"1985\"><p data-start=\"1959\" data-end=\"1985\">Eingaben auf der Website<\/p><\/li><li data-start=\"1986\" data-end=\"2043\"><p data-start=\"1988\" data-end=\"2043\">Besuche vorheriger Seiten zur Optimierung der Nutzung<\/p><\/li><\/ul><p data-start=\"2045\" data-end=\"2141\">Cookies werden automatisch nach Ablauf der Session oder eines festgelegten Zeitraums gel\u00f6scht.<\/p><h5 data-start=\"2148\" data-end=\"2175\">\u00a0<\/h5><h5 data-start=\"2148\" data-end=\"2175\"><strong data-start=\"2152\" data-end=\"2175\">IV. Kontaktaufnahme<\/strong><\/h5><p data-start=\"2176\" data-end=\"2312\">Wenn Sie uns per E-Mail kontaktieren, werden die von Ihnen angegebenen Daten <strong data-start=\"2253\" data-end=\"2301\">ausschlie\u00dflich zur Bearbeitung Ihrer Anfrage<\/strong> genutzt.<\/p><h5 data-start=\"2319\" data-end=\"2350\">\u00a0<\/h5><h5 data-start=\"2319\" data-end=\"2350\"><strong data-start=\"2323\" data-end=\"2350\">V. Weitergabe von Daten<\/strong><\/h5><p data-start=\"2351\" data-end=\"2481\">Eine \u00dcbermittlung Ihrer personenbezogenen Daten an Dritte erfolgt <strong data-start=\"2417\" data-end=\"2440\">grunds\u00e4tzlich nicht<\/strong>, au\u00dfer wenn gesetzlich vorgeschrieben.<\/p><h5 data-start=\"2488\" data-end=\"2513\">\u00a0<\/h5><h5 data-start=\"2488\" data-end=\"2513\"><strong data-start=\"2492\" data-end=\"2513\">VI. Speicherdauer<\/strong><\/h5><p data-start=\"2514\" data-end=\"2710\">Personenbezogene Daten, die im Rahmen der Kontaktaufnahme gespeichert werden, werden <strong data-start=\"2599\" data-end=\"2618\">sofort gel\u00f6scht<\/strong>, sobald der Zweck erf\u00fcllt ist, sofern keine gesetzlichen Aufbewahrungspflichten bestehen.<\/p><h5 data-start=\"2717\" data-end=\"2741\">\u00a0<\/h5><h5 data-start=\"2717\" data-end=\"2741\"><strong data-start=\"2721\" data-end=\"2741\">VII. Ihre Rechte<\/strong><\/h5><p data-start=\"2742\" data-end=\"2768\">Sie haben das Recht auf:<\/p><ul data-start=\"2770\" data-end=\"3094\"><li data-start=\"2770\" data-end=\"2827\"><p data-start=\"2772\" data-end=\"2827\">Auskunft \u00fcber die verarbeiteten Daten (Art. 15 DSGVO)<\/p><\/li><li data-start=\"2828\" data-end=\"2878\"><p data-start=\"2830\" data-end=\"2878\">Berichtigung unrichtiger Daten (Art. 16 DSGVO)<\/p><\/li><li data-start=\"2879\" data-end=\"2946\"><p data-start=\"2881\" data-end=\"2946\">L\u00f6schung oder Einschr\u00e4nkung der Verarbeitung (Art. 17\u201318 DSGVO)<\/p><\/li><li data-start=\"2947\" data-end=\"2987\"><p data-start=\"2949\" data-end=\"2987\">Daten\u00fcbertragbarkeit (Art. 20 DSGVO)<\/p><\/li><li data-start=\"2988\" data-end=\"3042\"><p data-start=\"2990\" data-end=\"3042\">Widerspruch gegen die Verarbeitung (Art. 21 DSGVO)<\/p><\/li><li data-start=\"3043\" data-end=\"3094\"><p data-start=\"3045\" data-end=\"3094\">Widerruf der Einwilligung (Art. 7 Abs. 3 DSGVO)<\/p><\/li><\/ul><p data-start=\"3096\" data-end=\"3188\">Bei Beschwerden wenden Sie sich an: <strong data-start=\"3132\" data-end=\"3148\"><a class=\"decorated-link cursor-pointer\" rel=\"noopener\" data-start=\"3134\" data-end=\"3146\">info@slco.de<\/a><\/strong> oder die zust\u00e4ndige Aufsichtsbeh\u00f6rde.<\/p><h5 data-start=\"3195\" data-end=\"3224\">\u00a0<\/h5><h5 data-start=\"3195\" data-end=\"3224\"><strong data-start=\"3199\" data-end=\"3224\">VIII. Datensicherheit<\/strong><\/h5><p data-start=\"3225\" data-end=\"3347\">Wir nutzen <strong data-start=\"3236\" data-end=\"3259\">SSL-Verschl\u00fcsselung<\/strong> und geeignete technische sowie organisatorische Ma\u00dfnahmen, um Ihre Daten zu sch\u00fctzen.<\/p><h5 data-start=\"3354\" data-end=\"3386\">\u00a0<\/h5><h5 data-start=\"3354\" data-end=\"3386\"><strong data-start=\"3358\" data-end=\"3386\">IX. Stand und \u00c4nderungen<\/strong><\/h5><p data-start=\"3387\" data-end=\"3557\">Diese Datenschutzerkl\u00e4rung ist aktuell g\u00fcltig (Stand: November 2025).<br data-start=\"3456\" data-end=\"3459\" \/>\u00c4nderungen bleiben vorbehalten. Die jeweils aktuelle Version ist auf <strong data-start=\"3528\" data-end=\"3545\"><a class=\"decorated-link\" href=\"https:\/\/slco.info\/sk\/\" target=\"_new\" rel=\"noopener\" data-start=\"3530\" data-end=\"3543\">slco.info<\/a><\/strong> abrufbar.<\/p><p data-start=\"405\" data-end=\"705\">\u00a0<\/p>\t\t\t\t\t\t\t\t<\/div>\n\t\t\t\t<\/div>\n\t\t<div class=\"elementor-element elementor-element-c7c4c4a e-con-full e-flex e-con e-child\" data-id=\"c7c4c4a\" data-element_type=\"container\" data-e-type=\"container\">\n\t\t\t\t<\/div>\n\t\t\t\t\t<\/div>\n\t\t\t\t<\/div>\n\t\t<div class=\"elementor-element elementor-element-5426fa9 e-flex e-con-boxed e-con e-parent\" data-id=\"5426fa9\" data-element_type=\"container\" data-e-type=\"container\" data-settings=\"{&quot;background_background&quot;:&quot;classic&quot;}\">\n\t\t\t\t\t<div class=\"e-con-inner\">\n\t\t<div class=\"elementor-element elementor-element-c208a79 e-con-full e-flex e-con e-child\" data-id=\"c208a79\" data-element_type=\"container\" data-e-type=\"container\">\n\t\t\t\t<div class=\"elementor-element elementor-element-d5177a1 elementor-widget elementor-widget-heading\" data-id=\"d5177a1\" data-element_type=\"widget\" data-e-type=\"widget\" data-widget_type=\"heading.default\">\n\t\t\t\t<div class=\"elementor-widget-container\">\n\t\t\t\t\t<h2 class=\"elementor-heading-title elementor-size-default\"><span style=\"font-size: 3.375rem\">Ste pripraven\u00ed vyu\u017e\u00edva\u0165 na\u0161e exkluz\u00edvne slu\u017eby?<\/span><\/h2>\t\t\t\t<\/div>\n\t\t\t\t<\/div>\n\t\t\t\t<div class=\"elementor-element elementor-element-4ec010b elementor-widget elementor-widget-text-editor\" data-id=\"4ec010b\" data-element_type=\"widget\" data-e-type=\"widget\" data-widget_type=\"text-editor.default\">\n\t\t\t\t<div class=\"elementor-widget-container\">\n\t\t\t\t\t\t\t\t\t<p>Kontaktujte n\u00e1s a sta\u0148te sa s\u00fa\u010das\u0165ou na\u0161ej komunity z\u00e1kazn\u00edkov.<\/p>\t\t\t\t\t\t\t\t<\/div>\n\t\t\t\t<\/div>\n\t\t\t\t<div class=\"elementor-element elementor-element-a98f4a6 elementor-widget elementor-widget-button\" data-id=\"a98f4a6\" data-element_type=\"widget\" data-e-type=\"widget\" data-widget_type=\"button.default\">\n\t\t\t\t<div class=\"elementor-widget-container\">\n\t\t\t\t\t\t\t\t\t<div class=\"elementor-button-wrapper\">\n\t\t\t\t\t<a class=\"elementor-button elementor-button-link elementor-size-sm elementor-animation-grow\" href=\"https:\/\/slco.info\/sk\/kontakt\/\">\n\t\t\t\t\t\t<span class=\"elementor-button-content-wrapper\">\n\t\t\t\t\t\t\t\t\t<span class=\"elementor-button-text\">Sta\u0148te sa z\u00e1kazn\u00edkom teraz<\/span>\n\t\t\t\t\t<\/span>\n\t\t\t\t\t<\/a>\n\t\t\t\t<\/div>\n\t\t\t\t\t\t\t\t<\/div>\n\t\t\t\t<\/div>\n\t\t\t\t<\/div>\n\t\t\t\t\t<\/div>\n\t\t\t\t<\/div>\n\t\t\t\t<\/div>","protected":false},"excerpt":{"rendered":"<p>Datenshutzerkl\u00e4rung Der Schutz Ihrer personenbezogenen Daten ist uns wichtig. Wir verarbeiten Daten nur gem\u00e4\u00df den geltenden Regelungen (insbesondere DSGVO). I. [&hellip;]<\/p>\n","protected":false},"author":1,"featured_media":0,"parent":0,"menu_order":0,"comment_status":"closed","ping_status":"closed","template":"","meta":{"site-sidebar-layout":"no-sidebar","site-content-layout":"","ast-site-content-layout":"full-width-container","site-content-style":"unboxed","site-sidebar-style":"unboxed","ast-global-header-display":"","ast-banner-title-visibility":"","ast-main-header-display":"","ast-hfb-above-header-display":"","ast-hfb-below-header-display":"","ast-hfb-mobile-header-display":"","site-post-title":"disabled","ast-breadcrumbs-content":"","ast-featured-img":"disabled","footer-sml-layout":"","ast-disable-related-posts":"","theme-transparent-header-meta":"enabled","adv-header-id-meta":"","stick-header-meta":"","header-above-stick-meta":"","header-main-stick-meta":"","header-below-stick-meta":"","astra-migrate-meta-layouts":"default","ast-page-background-enabled":"default","ast-page-background-meta":{"desktop":{"background-color":"var(--ast-global-color-4)","background-image":"","background-repeat":"repeat","background-position":"center center","background-size":"auto","background-attachment":"scroll","background-type":"","background-media":"","overlay-type":"","overlay-color":"","overlay-opacity":"","overlay-gradient":""},"tablet":{"background-color":"","background-image":"","background-repeat":"repeat","background-position":"center center","background-size":"auto","background-attachment":"scroll","background-type":"","background-media":"","overlay-type":"","overlay-color":"","overlay-opacity":"","overlay-gradient":""},"mobile":{"background-color":"","background-image":"","background-repeat":"repeat","background-position":"center center","background-size":"auto","background-attachment":"scroll","background-type":"","background-media":"","overlay-type":"","overlay-color":"","overlay-opacity":"","overlay-gradient":""}},"ast-content-background-meta":{"desktop":{"background-color":"var(--ast-global-color-5)","background-image":"","background-repeat":"repeat","background-position":"center center","background-size":"auto","background-attachment":"scroll","background-type":"","background-media":"","overlay-type":"","overlay-color":"","overlay-opacity":"","overlay-gradient":""},"tablet":{"background-color":"var(--ast-global-color-5)","background-image":"","background-repeat":"repeat","background-position":"center center","background-size":"auto","background-attachment":"scroll","background-type":"","background-media":"","overlay-type":"","overlay-color":"","overlay-opacity":"","overlay-gradient":""},"mobile":{"background-color":"var(--ast-global-color-5)","background-image":"","background-repeat":"repeat","background-position":"center center","background-size":"auto","background-attachment":"scroll","background-type":"","background-media":"","overlay-type":"","overlay-color":"","overlay-opacity":"","overlay-gradient":""}},"footnotes":""},"class_list":["post-1787","page","type-page","status-publish","hentry"],"_links":{"self":[{"href":"https:\/\/slco.info\/sk\/wp-json\/wp\/v2\/pages\/1787","targetHints":{"allow":["GET"]}}],"collection":[{"href":"https:\/\/slco.info\/sk\/wp-json\/wp\/v2\/pages"}],"about":[{"href":"https:\/\/slco.info\/sk\/wp-json\/wp\/v2\/types\/page"}],"author":[{"embeddable":true,"href":"https:\/\/slco.info\/sk\/wp-json\/wp\/v2\/users\/1"}],"replies":[{"embeddable":true,"href":"https:\/\/slco.info\/sk\/wp-json\/wp\/v2\/comments?post=1787"}],"version-history":[{"count":22,"href":"https:\/\/slco.info\/sk\/wp-json\/wp\/v2\/pages\/1787\/revisions"}],"predecessor-version":[{"id":1946,"href":"https:\/\/slco.info\/sk\/wp-json\/wp\/v2\/pages\/1787\/revisions\/1946"}],"wp:attachment":[{"href":"https:\/\/slco.info\/sk\/wp-json\/wp\/v2\/media?parent=1787"}],"curies":[{"name":"wp","href":"https:\/\/api.w.org\/{rel}","templated":true}]}}