{"id":1776,"date":"2025-11-13T13:03:29","date_gmt":"2025-11-13T13:03:29","guid":{"rendered":"https:\/\/slco.info\/?page_id=1776"},"modified":"2026-01-09T08:43:07","modified_gmt":"2026-01-09T08:43:07","slug":"impressum","status":"publish","type":"page","link":"https:\/\/slco.info\/ro\/impressum\/","title":{"rendered":"Imprint"},"content":{"rendered":"<div data-elementor-type=\"wp-page\" data-elementor-id=\"1776\" class=\"elementor elementor-1776\">\n\t\t\t\t<div class=\"elementor-element elementor-element-5ef7019 e-flex e-con-boxed e-con e-parent\" data-id=\"5ef7019\" data-element_type=\"container\" data-e-type=\"container\" data-settings=\"{&quot;background_background&quot;:&quot;classic&quot;}\">\n\t\t\t\t\t<div class=\"e-con-inner\">\n\t\t\t\t\t<\/div>\n\t\t\t\t<\/div>\n\t\t<div class=\"elementor-element elementor-element-44b6349 e-flex e-con-boxed e-con e-parent\" data-id=\"44b6349\" data-element_type=\"container\" data-e-type=\"container\">\n\t\t\t\t\t<div class=\"e-con-inner\">\n\t\t\t\t<div class=\"elementor-element elementor-element-a97b63f elementor-widget elementor-widget-text-editor\" data-id=\"a97b63f\" data-element_type=\"widget\" data-e-type=\"widget\" data-widget_type=\"text-editor.default\">\n\t\t\t\t<div class=\"elementor-widget-container\">\n\t\t\t\t\t\t\t\t\t<p data-start=\"405\" data-end=\"705\">\n<\/p><h4>Imprint<\/h4>\n<p data-start=\"405\" data-end=\"705\"><strong>Herausgeber<\/strong>&nbsp;<\/p>\n<p data-start=\"405\" data-end=\"705\">SLCO GmbH &amp; Co.KG<\/p>\n<p data-start=\"405\" data-end=\"705\">Kulmbacherstrasse 42<\/p>\n<p data-start=\"405\" data-end=\"705\">D-95512 Neudrossenfeld<\/p>\n<p data-start=\"405\" data-end=\"705\">Tel.: 09203-97380 0<\/p>\n<p data-start=\"405\" data-end=\"705\">Fax: 09203-97380 220<\/p>\n<p data-start=\"405\" data-end=\"705\">E-Mail: info@slco.de<\/p>\n<p data-start=\"405\" data-end=\"705\"><strong>Gesch\u00e4ftsf\u00fchrer: Sergej Lindt <\/strong><\/p>\n<p data-start=\"405\" data-end=\"705\">Handelsregister: Amtsgericht Bayreuth HRA 3622<\/p>\n<p data-start=\"405\" data-end=\"705\">USt-IdNr.: DE255282843<\/p>\n<p data-start=\"405\" data-end=\"705\">Steuer-Nr.: 229\/174\/53407<\/p>\n<p data-start=\"405\" data-end=\"705\">\u00d6KO-Kontrollstellen-Nr.: DE-\u00d6KO-37<\/p>\n<p data-start=\"405\" data-end=\"705\"><strong>Nutzungsbedingungen<\/strong><\/p>\n<p data-start=\"405\" data-end=\"705\">SLCO GmbH &amp; Co.KG bem\u00fcht sich im Rahmen des Zumutbaren, auf dieser Website richtige und vollst\u00e4ndige Informationen zur Verf\u00fcgung zu stellen.<\/p>\n<p data-start=\"405\" data-end=\"705\">SLCO GmbH &amp; Co.KG \u00fcbernimmt jedoch keine Haftung oder Garantie f\u00fcr Aktualit\u00e4t, Richtigkeit und Vollst\u00e4ndigkeit, der auf dieser Website, bereitgestellten Informationen. Dies gilt auch f\u00fcr alle Verbindungen und \/ oder Links, auf die diese Website direkt oder indirekt verweist.<\/p>\n<p data-start=\"405\" data-end=\"705\">SLCO GmbH &amp; Co.KG ist f\u00fcr den Inhalt einer Seite, die mit einem solchen Link erreicht wird, nicht verantwortlich.<\/p>\n<p data-start=\"405\" data-end=\"705\">SLCO GmbH &amp; Co.KG beh\u00e4lt sich das Recht vor, ohne vorherige Ank\u00fcndigung \u00c4nderungen oder Erg\u00e4nzungen an den bereitgestellten Informationen vorzunehmen. Der Inhalt dieser Website ist urheberrechtlich gesch\u00fctzt.<\/p>\n<p data-start=\"405\" data-end=\"705\">SLCO GmbH &amp; Co.KG gew\u00e4hrt Ihnen jedoch das Recht, den auf dieser Website bereitgestellten Text ganz oder Ausschnittsweise zu speichern und zu vervielf\u00e4ltigen. Aus Gr\u00fcnden des Urheberrechts ist allerdings die Speicherung und Vervielf\u00e4ltigung von Bildmaterial oder Grafiken aus dieser Website nicht gestattet.<\/p>\n<p data-start=\"405\" data-end=\"705\">SLCO GmbH &amp; Co.KG haftet nicht f\u00fcr direkte oder indirekte Sch\u00e4den, die aufgrund von oder sonst wie in Verbindung mit Informationen entstehen, die auf dieser Website bereitgehalten werden.<\/p>\n<p data-start=\"405\" data-end=\"705\">Wichtiger Hinweis zu den Links Das Landgericht Hamburg hat mit Urteil vom 12.05.1998 entschieden, dass ein Autor durch die Ausbringung von Links die Inhalte der gelinkten Seiten ggf. mit zu verantworten hat. F\u00fcr alle Links auf externe Seiten gilt: SLCO GmbH &amp; Co.KG erkl\u00e4rt ausdr\u00fccklich, dass zum Zeitpunkt der Linksetzung die entsprechend gelinkten Seiten frei von illegalen Inhalten waren.<\/p>\n<p data-start=\"405\" data-end=\"705\">SLCO GmbH &amp; Co.KG hat keinerlei Einfluss auf die aktuelle oder zuk\u00fcnftige Gestaltung und auf die Inhalte der gelinkten Seiten. Deshalb distanziert sich SLCO GmbH &amp; Co.KG hiermit ausdr\u00fccklich von allen Inhalten aller gelinkten Seiten, die nach Linksetzung ver\u00e4ndert wurden.<\/p>\n<p data-start=\"405\" data-end=\"705\"><strong>Protec\u021bia datelor<\/strong><\/p>\n<p data-start=\"405\" data-end=\"705\">Personenbezogene Daten werden nur erhoben, wenn dies vom User selbst angegeben werde. Im Umgang mit diesen Daten beachtet SLCO GmbH &amp; Co.KG die gesetzlichen Bestimmungen.<\/p>\n<p data-start=\"405\" data-end=\"705\">SLCO GmbH &amp; Co.KG folgt dar\u00fcber hinaus folgenden Grundsetzen: Wir informieren Sie \u00fcber den Verwendungszweck der von Innen angegebenen Daten. Wir sichern Ihre Daten mit allen uns zur Verf\u00fcgung stehenden Mitteln vor unzul\u00e4ssigem Zugriff, vor Verlust und Ver\u00e4nderung. Wir verarbeiten und nutzen Ihre Daten ausschlie\u00dflich um Ihnen die gew\u00fcnschten Informationen und Dienstleistungen anbieten zu k\u00f6nnen. Eine \u00dcbermittlung Ihrer Daten an Dritte findet nicht statt. Die von Ihnen preisgegebenen personenbezogenen Daten l\u00f6schen wir umgehend aufgrund Ihrer schriftlichen Willenserkl\u00e4rung<\/p>\n<p data-start=\"405\" data-end=\"705\">\n<\/p>\t\t\t\t\t\t\t\t<\/div>\n\t\t\t\t<\/div>\n\t\t<div class=\"elementor-element elementor-element-c7c4c4a e-con-full e-flex e-con e-child\" data-id=\"c7c4c4a\" data-element_type=\"container\" data-e-type=\"container\">\n\t\t\t\t<\/div>\n\t\t\t\t\t<\/div>\n\t\t\t\t<\/div>\n\t\t<div class=\"elementor-element elementor-element-5426fa9 e-flex e-con-boxed e-con e-parent\" data-id=\"5426fa9\" data-element_type=\"container\" data-e-type=\"container\" data-settings=\"{&quot;background_background&quot;:&quot;classic&quot;}\">\n\t\t\t\t\t<div class=\"e-con-inner\">\n\t\t<div class=\"elementor-element elementor-element-c208a79 e-con-full e-flex e-con e-child\" data-id=\"c208a79\" data-element_type=\"container\" data-e-type=\"container\">\n\t\t\t\t<div class=\"elementor-element elementor-element-d5177a1 elementor-widget elementor-widget-heading\" data-id=\"d5177a1\" data-element_type=\"widget\" data-e-type=\"widget\" data-widget_type=\"heading.default\">\n\t\t\t\t<div class=\"elementor-widget-container\">\n\t\t\t\t\t<h2 class=\"elementor-heading-title elementor-size-default\"><span style=\"font-size: 3.375rem\">Sunte\u021bi gata s\u0103 v\u0103 bucura\u021bi de serviciile noastre exclusive?<\/span><\/h2>\t\t\t\t<\/div>\n\t\t\t\t<\/div>\n\t\t\t\t<div class=\"elementor-element elementor-element-4ec010b elementor-widget elementor-widget-text-editor\" data-id=\"4ec010b\" data-element_type=\"widget\" data-e-type=\"widget\" data-widget_type=\"text-editor.default\">\n\t\t\t\t<div class=\"elementor-widget-container\">\n\t\t\t\t\t\t\t\t\t<p>Contacta\u021bi-ne \u0219i deveni\u021bi parte din comunitatea noastr\u0103 de clien\u021bi.<\/p>\t\t\t\t\t\t\t\t<\/div>\n\t\t\t\t<\/div>\n\t\t\t\t<div class=\"elementor-element elementor-element-a98f4a6 elementor-widget elementor-widget-button\" data-id=\"a98f4a6\" data-element_type=\"widget\" data-e-type=\"widget\" data-widget_type=\"button.default\">\n\t\t\t\t<div class=\"elementor-widget-container\">\n\t\t\t\t\t\t\t\t\t<div class=\"elementor-button-wrapper\">\n\t\t\t\t\t<a class=\"elementor-button elementor-button-link elementor-size-sm elementor-animation-grow\" href=\"https:\/\/slco.info\/ro\/kontakt\/\">\n\t\t\t\t\t\t<span class=\"elementor-button-content-wrapper\">\n\t\t\t\t\t\t\t\t\t<span class=\"elementor-button-text\">Deveni\u021bi client acum<\/span>\n\t\t\t\t\t<\/span>\n\t\t\t\t\t<\/a>\n\t\t\t\t<\/div>\n\t\t\t\t\t\t\t\t<\/div>\n\t\t\t\t<\/div>\n\t\t\t\t<\/div>\n\t\t\t\t\t<\/div>\n\t\t\t\t<\/div>\n\t\t\t\t<\/div>","protected":false},"excerpt":{"rendered":"<p>Impressum Herausgeber&nbsp; SLCO GmbH &amp; Co.KG Kulmbacherstrasse 42 D-95512 Neudrossenfeld Tel.: 09203-97380 0 Fax: 09203-97380 220 E-Mail: info@slco.de Gesch\u00e4ftsf\u00fchrer: Sergej [&hellip;]<\/p>\n","protected":false},"author":1,"featured_media":0,"parent":0,"menu_order":0,"comment_status":"closed","ping_status":"closed","template":"","meta":{"site-sidebar-layout":"no-sidebar","site-content-layout":"","ast-site-content-layout":"full-width-container","site-content-style":"unboxed","site-sidebar-style":"unboxed","ast-global-header-display":"","ast-banner-title-visibility":"","ast-main-header-display":"","ast-hfb-above-header-display":"","ast-hfb-below-header-display":"","ast-hfb-mobile-header-display":"","site-post-title":"disabled","ast-breadcrumbs-content":"","ast-featured-img":"disabled","footer-sml-layout":"","ast-disable-related-posts":"","theme-transparent-header-meta":"enabled","adv-header-id-meta":"","stick-header-meta":"","header-above-stick-meta":"","header-main-stick-meta":"","header-below-stick-meta":"","astra-migrate-meta-layouts":"default","ast-page-background-enabled":"default","ast-page-background-meta":{"desktop":{"background-color":"var(--ast-global-color-4)","background-image":"","background-repeat":"repeat","background-position":"center center","background-size":"auto","background-attachment":"scroll","background-type":"","background-media":"","overlay-type":"","overlay-color":"","overlay-opacity":"","overlay-gradient":""},"tablet":{"background-color":"","background-image":"","background-repeat":"repeat","background-position":"center center","background-size":"auto","background-attachment":"scroll","background-type":"","background-media":"","overlay-type":"","overlay-color":"","overlay-opacity":"","overlay-gradient":""},"mobile":{"background-color":"","background-image":"","background-repeat":"repeat","background-position":"center center","background-size":"auto","background-attachment":"scroll","background-type":"","background-media":"","overlay-type":"","overlay-color":"","overlay-opacity":"","overlay-gradient":""}},"ast-content-background-meta":{"desktop":{"background-color":"var(--ast-global-color-5)","background-image":"","background-repeat":"repeat","background-position":"center center","background-size":"auto","background-attachment":"scroll","background-type":"","background-media":"","overlay-type":"","overlay-color":"","overlay-opacity":"","overlay-gradient":""},"tablet":{"background-color":"var(--ast-global-color-5)","background-image":"","background-repeat":"repeat","background-position":"center center","background-size":"auto","background-attachment":"scroll","background-type":"","background-media":"","overlay-type":"","overlay-color":"","overlay-opacity":"","overlay-gradient":""},"mobile":{"background-color":"var(--ast-global-color-5)","background-image":"","background-repeat":"repeat","background-position":"center center","background-size":"auto","background-attachment":"scroll","background-type":"","background-media":"","overlay-type":"","overlay-color":"","overlay-opacity":"","overlay-gradient":""}},"footnotes":""},"class_list":["post-1776","page","type-page","status-publish","hentry"],"_links":{"self":[{"href":"https:\/\/slco.info\/ro\/wp-json\/wp\/v2\/pages\/1776","targetHints":{"allow":["GET"]}}],"collection":[{"href":"https:\/\/slco.info\/ro\/wp-json\/wp\/v2\/pages"}],"about":[{"href":"https:\/\/slco.info\/ro\/wp-json\/wp\/v2\/types\/page"}],"author":[{"embeddable":true,"href":"https:\/\/slco.info\/ro\/wp-json\/wp\/v2\/users\/1"}],"replies":[{"embeddable":true,"href":"https:\/\/slco.info\/ro\/wp-json\/wp\/v2\/comments?post=1776"}],"version-history":[{"count":7,"href":"https:\/\/slco.info\/ro\/wp-json\/wp\/v2\/pages\/1776\/revisions"}],"predecessor-version":[{"id":1950,"href":"https:\/\/slco.info\/ro\/wp-json\/wp\/v2\/pages\/1776\/revisions\/1950"}],"wp:attachment":[{"href":"https:\/\/slco.info\/ro\/wp-json\/wp\/v2\/media?parent=1776"}],"curies":[{"name":"wp","href":"https:\/\/api.w.org\/{rel}","templated":true}]}}