{"id":1787,"date":"2025-11-14T07:09:44","date_gmt":"2025-11-14T07:09:44","guid":{"rendered":"https:\/\/slco.info\/?page_id=1787"},"modified":"2026-01-09T08:36:30","modified_gmt":"2026-01-09T08:36:30","slug":"datenschutz","status":"publish","type":"page","link":"https:\/\/slco.info\/en\/datenschutz\/","title":{"rendered":"Data protection"},"content":{"rendered":"<div data-elementor-type=\"wp-page\" data-elementor-id=\"1787\" class=\"elementor elementor-1787\">\n\t\t\t\t<div class=\"elementor-element elementor-element-5ef7019 e-flex e-con-boxed e-con e-parent\" data-id=\"5ef7019\" data-element_type=\"container\" data-e-type=\"container\" data-settings=\"{&quot;background_background&quot;:&quot;classic&quot;}\">\n\t\t\t\t\t<div class=\"e-con-inner\">\n\t\t\t\t\t<\/div>\n\t\t\t\t<\/div>\n\t\t<div class=\"elementor-element elementor-element-44b6349 e-flex e-con-boxed e-con e-parent\" data-id=\"44b6349\" data-element_type=\"container\" data-e-type=\"container\">\n\t\t\t\t\t<div class=\"e-con-inner\">\n\t\t\t\t<div class=\"elementor-element elementor-element-a97b63f elementor-widget elementor-widget-text-editor\" data-id=\"a97b63f\" data-element_type=\"widget\" data-e-type=\"widget\" data-widget_type=\"text-editor.default\">\n\t\t\t\t<div class=\"elementor-widget-container\">\n\t\t\t\t\t\t\t\t\t<h3 style=\"font-style: normal; color: #0f172a;\" data-start=\"599\" data-end=\"645\"><span data-start=\"603\" data-end=\"645\">Data protection declaration<\/span><\/h3><p data-start=\"405\" data-end=\"705\">The protection of your personal data is important to us.<\/p><p data-start=\"405\" data-end=\"705\">We only process data in accordance with the applicable regulations (in particular GDPR).<\/p><h5 data-start=\"599\" data-end=\"645\"><strong data-start=\"603\" data-end=\"645\">I. Responsible for the processing<\/strong><\/h5><h6 data-start=\"646\" data-end=\"846\"><strong>SLCO GmbH &amp; Co. KG<\/strong><\/h6><p>Kulmbacherstrasse 42<br data-start=\"690\" data-end=\"693\" \/>95512 Neudrossenfeld<br data-start=\"713\" data-end=\"716\" \/>Germany<br data-start=\"727\" data-end=\"730\" \/>E-Mail: <a class=\"decorated-link cursor-pointer\" rel=\"noopener\" data-start=\"738\" data-end=\"750\">info@slco.de<\/a><br data-start=\"750\" data-end=\"753\" \/>You can reach our data protection officer at:<\/p><p><strong data-start=\"808\" data-end=\"826\">Viktoria Lindt<\/strong> \u2013 <a class=\"decorated-link cursor-pointer\" rel=\"noopener\" data-start=\"829\" data-end=\"844\">v.lindt@slco.de<\/a><\/p><p>This privacy policy applies to the processing of personal data on our landing page <strong data-start=\"950\" data-end=\"963\">slco.info<\/strong>.<\/p><h5 data-start=\"599\" data-end=\"645\">II Collection and storage of personal data<\/h5><p data-start=\"1034\" data-end=\"1125\">When you visit our landing page, only technically necessary data is collected automatically:<\/p><ul data-start=\"1127\" data-end=\"1362\"><li data-start=\"1127\" data-end=\"1165\"><p data-start=\"1129\" data-end=\"1165\">IP address of the requesting device<\/p><\/li><li data-start=\"1166\" data-end=\"1200\"><p data-start=\"1168\" data-end=\"1200\">Date and time of access<\/p><\/li><li data-start=\"1201\" data-end=\"1240\"><p data-start=\"1203\" data-end=\"1240\">Name and URL of the accessed file<\/p><\/li><li data-start=\"1241\" data-end=\"1296\"><p data-start=\"1243\" data-end=\"1296\">Website from which access is made (referrer URL)<\/p><\/li><li data-start=\"1297\" data-end=\"1362\"><p data-start=\"1299\" data-end=\"1362\">Browser type, operating system and, if applicable, name of the access provider<\/p><\/li><\/ul><p data-start=\"1364\" data-end=\"1445\">This data is <strong data-start=\"1383\" data-end=\"1407\">temporarily in log files<\/strong> stored and exclusively for:<\/p><ul data-start=\"1446\" data-end=\"1544\"><li data-start=\"1446\" data-end=\"1482\"><p data-start=\"1448\" data-end=\"1482\">Smooth structure of the website<\/p><\/li><li data-start=\"1483\" data-end=\"1518\"><p data-start=\"1485\" data-end=\"1518\">Evaluation of system security<\/p><\/li><li data-start=\"1519\" data-end=\"1544\"><p data-start=\"1521\" data-end=\"1544\">administrative purposes<\/p><\/li><\/ul><p data-start=\"1546\" data-end=\"1624\">The data is <strong data-start=\"1563\" data-end=\"1623\">not used to draw conclusions about your person<\/strong>.<\/p><p data-start=\"1626\" data-end=\"1732\"><strong data-start=\"1626\" data-end=\"1638\">Note:<\/strong> On slco.info there are <strong data-start=\"1661\" data-end=\"1729\">no login area, no registration and no online store<\/strong>.<\/p><h5 data-start=\"1739\" data-end=\"1759\">\u00a0<\/h5><h5 data-start=\"1739\" data-end=\"1759\"><strong data-start=\"1743\" data-end=\"1759\">III Cookies<\/strong><\/h5><p data-start=\"1760\" data-end=\"1903\">We only use technically necessary cookies, e.g. for session management.<br data-start=\"1837\" data-end=\"1840\" \/>There will be <strong data-start=\"1850\" data-end=\"1892\">No tracking or marketing cookies<\/strong> used.<\/p><p data-start=\"1905\" data-end=\"1955\">Cookies can store the following information:<\/p><ul data-start=\"1957\" data-end=\"2043\"><li data-start=\"1957\" data-end=\"1985\"><p data-start=\"1959\" data-end=\"1985\">Entries on the website<\/p><\/li><li data-start=\"1986\" data-end=\"2043\"><p data-start=\"1988\" data-end=\"2043\">Visits to previous pages to optimize usage<\/p><\/li><\/ul><p data-start=\"2045\" data-end=\"2141\">Cookies are automatically deleted at the end of the session or after a specified period of time.<\/p><h5 data-start=\"2148\" data-end=\"2175\">\u00a0<\/h5><h5 data-start=\"2148\" data-end=\"2175\"><strong data-start=\"2152\" data-end=\"2175\">IV. Making contact<\/strong><\/h5><p data-start=\"2176\" data-end=\"2312\">If you contact us by e-mail, the data you provide will be <strong data-start=\"2253\" data-end=\"2301\">exclusively for processing your request<\/strong> used.<\/p><h5 data-start=\"2319\" data-end=\"2350\">\u00a0<\/h5><h5 data-start=\"2319\" data-end=\"2350\"><strong data-start=\"2323\" data-end=\"2350\">V. Forwarding of data<\/strong><\/h5><p data-start=\"2351\" data-end=\"2481\">Your personal data will be transmitted to third parties <strong data-start=\"2417\" data-end=\"2440\">generally not<\/strong>, unless required by law.<\/p><h5 data-start=\"2488\" data-end=\"2513\">\u00a0<\/h5><h5 data-start=\"2488\" data-end=\"2513\"><strong data-start=\"2492\" data-end=\"2513\">VI Storage period<\/strong><\/h5><p data-start=\"2514\" data-end=\"2710\">Personal data that is stored in the course of establishing contact is <strong data-start=\"2599\" data-end=\"2618\">deleted immediately<\/strong>, as soon as the purpose has been fulfilled, provided there are no statutory retention obligations.<\/p><h5 data-start=\"2717\" data-end=\"2741\">\u00a0<\/h5><h5 data-start=\"2717\" data-end=\"2741\"><strong data-start=\"2721\" data-end=\"2741\">VII. Your rights<\/strong><\/h5><p data-start=\"2742\" data-end=\"2768\">You have the right to:<\/p><ul data-start=\"2770\" data-end=\"3094\"><li data-start=\"2770\" data-end=\"2827\"><p data-start=\"2772\" data-end=\"2827\">Information about the processed data (Art. 15 GDPR)<\/p><\/li><li data-start=\"2828\" data-end=\"2878\"><p data-start=\"2830\" data-end=\"2878\">Correction of incorrect data (Art. 16 GDPR)<\/p><\/li><li data-start=\"2879\" data-end=\"2946\"><p data-start=\"2881\" data-end=\"2946\">Erasure or restriction of processing (Art. 17-18 GDPR)<\/p><\/li><li data-start=\"2947\" data-end=\"2987\"><p data-start=\"2949\" data-end=\"2987\">Data portability (Art. 20 GDPR)<\/p><\/li><li data-start=\"2988\" data-end=\"3042\"><p data-start=\"2990\" data-end=\"3042\">Objection to the processing (Art. 21 GDPR)<\/p><\/li><li data-start=\"3043\" data-end=\"3094\"><p data-start=\"3045\" data-end=\"3094\">Withdrawal of consent (Art. 7 para. 3 GDPR)<\/p><\/li><\/ul><p data-start=\"3096\" data-end=\"3188\">If you have any complaints, please contact: <strong data-start=\"3132\" data-end=\"3148\"><a class=\"decorated-link cursor-pointer\" rel=\"noopener\" data-start=\"3134\" data-end=\"3146\">info@slco.de<\/a><\/strong> or the competent supervisory authority.<\/p><h5 data-start=\"3195\" data-end=\"3224\">\u00a0<\/h5><h5 data-start=\"3195\" data-end=\"3224\"><strong data-start=\"3199\" data-end=\"3224\">VIII. Data security<\/strong><\/h5><p data-start=\"3225\" data-end=\"3347\">We use <strong data-start=\"3236\" data-end=\"3259\">SSL encryption<\/strong> and appropriate technical and organizational measures to protect your data.<\/p><h5 data-start=\"3354\" data-end=\"3386\">\u00a0<\/h5><h5 data-start=\"3354\" data-end=\"3386\"><strong data-start=\"3358\" data-end=\"3386\">IX. Status and changes<\/strong><\/h5><p data-start=\"3387\" data-end=\"3557\">This privacy policy is currently valid (as of November 2025).<br data-start=\"3456\" data-end=\"3459\" \/>We reserve the right to make changes. The current version is available at <strong data-start=\"3528\" data-end=\"3545\"><a class=\"decorated-link\" href=\"https:\/\/slco.info\/en\/\" target=\"_new\" rel=\"noopener\" data-start=\"3530\" data-end=\"3543\">slco.info<\/a><\/strong> available.<\/p><p data-start=\"405\" data-end=\"705\">\u00a0<\/p>\t\t\t\t\t\t\t\t<\/div>\n\t\t\t\t<\/div>\n\t\t<div class=\"elementor-element elementor-element-c7c4c4a e-con-full e-flex e-con e-child\" data-id=\"c7c4c4a\" data-element_type=\"container\" data-e-type=\"container\">\n\t\t\t\t<\/div>\n\t\t\t\t\t<\/div>\n\t\t\t\t<\/div>\n\t\t<div class=\"elementor-element elementor-element-5426fa9 e-flex e-con-boxed e-con e-parent\" data-id=\"5426fa9\" data-element_type=\"container\" data-e-type=\"container\" data-settings=\"{&quot;background_background&quot;:&quot;classic&quot;}\">\n\t\t\t\t\t<div class=\"e-con-inner\">\n\t\t<div class=\"elementor-element elementor-element-c208a79 e-con-full e-flex e-con e-child\" data-id=\"c208a79\" data-element_type=\"container\" data-e-type=\"container\">\n\t\t\t\t<div class=\"elementor-element elementor-element-d5177a1 elementor-widget elementor-widget-heading\" data-id=\"d5177a1\" data-element_type=\"widget\" data-e-type=\"widget\" data-widget_type=\"heading.default\">\n\t\t\t\t<div class=\"elementor-widget-container\">\n\t\t\t\t\t<h2 class=\"elementor-heading-title elementor-size-default\"><span style=\"font-size: 3.375rem\">Ready to enjoy our exclusive services?<\/span><\/h2>\t\t\t\t<\/div>\n\t\t\t\t<\/div>\n\t\t\t\t<div class=\"elementor-element elementor-element-4ec010b elementor-widget elementor-widget-text-editor\" data-id=\"4ec010b\" data-element_type=\"widget\" data-e-type=\"widget\" data-widget_type=\"text-editor.default\">\n\t\t\t\t<div class=\"elementor-widget-container\">\n\t\t\t\t\t\t\t\t\t<p>Contact us and become part of our customer community.<\/p>\t\t\t\t\t\t\t\t<\/div>\n\t\t\t\t<\/div>\n\t\t\t\t<div class=\"elementor-element elementor-element-a98f4a6 elementor-widget elementor-widget-button\" data-id=\"a98f4a6\" data-element_type=\"widget\" data-e-type=\"widget\" data-widget_type=\"button.default\">\n\t\t\t\t<div class=\"elementor-widget-container\">\n\t\t\t\t\t\t\t\t\t<div class=\"elementor-button-wrapper\">\n\t\t\t\t\t<a class=\"elementor-button elementor-button-link elementor-size-sm elementor-animation-grow\" href=\"https:\/\/slco.info\/en\/kontakt\/\">\n\t\t\t\t\t\t<span class=\"elementor-button-content-wrapper\">\n\t\t\t\t\t\t\t\t\t<span class=\"elementor-button-text\">Become a customer now<\/span>\n\t\t\t\t\t<\/span>\n\t\t\t\t\t<\/a>\n\t\t\t\t<\/div>\n\t\t\t\t\t\t\t\t<\/div>\n\t\t\t\t<\/div>\n\t\t\t\t<\/div>\n\t\t\t\t\t<\/div>\n\t\t\t\t<\/div>\n\t\t\t\t<\/div>","protected":false},"excerpt":{"rendered":"<p>Datenshutzerkl\u00e4rung Der Schutz Ihrer personenbezogenen Daten ist uns wichtig. Wir verarbeiten Daten nur gem\u00e4\u00df den geltenden Regelungen (insbesondere DSGVO). I. [&hellip;]<\/p>\n","protected":false},"author":1,"featured_media":0,"parent":0,"menu_order":0,"comment_status":"closed","ping_status":"closed","template":"","meta":{"site-sidebar-layout":"no-sidebar","site-content-layout":"","ast-site-content-layout":"full-width-container","site-content-style":"unboxed","site-sidebar-style":"unboxed","ast-global-header-display":"","ast-banner-title-visibility":"","ast-main-header-display":"","ast-hfb-above-header-display":"","ast-hfb-below-header-display":"","ast-hfb-mobile-header-display":"","site-post-title":"disabled","ast-breadcrumbs-content":"","ast-featured-img":"disabled","footer-sml-layout":"","ast-disable-related-posts":"","theme-transparent-header-meta":"enabled","adv-header-id-meta":"","stick-header-meta":"","header-above-stick-meta":"","header-main-stick-meta":"","header-below-stick-meta":"","astra-migrate-meta-layouts":"default","ast-page-background-enabled":"default","ast-page-background-meta":{"desktop":{"background-color":"var(--ast-global-color-4)","background-image":"","background-repeat":"repeat","background-position":"center center","background-size":"auto","background-attachment":"scroll","background-type":"","background-media":"","overlay-type":"","overlay-color":"","overlay-opacity":"","overlay-gradient":""},"tablet":{"background-color":"","background-image":"","background-repeat":"repeat","background-position":"center center","background-size":"auto","background-attachment":"scroll","background-type":"","background-media":"","overlay-type":"","overlay-color":"","overlay-opacity":"","overlay-gradient":""},"mobile":{"background-color":"","background-image":"","background-repeat":"repeat","background-position":"center center","background-size":"auto","background-attachment":"scroll","background-type":"","background-media":"","overlay-type":"","overlay-color":"","overlay-opacity":"","overlay-gradient":""}},"ast-content-background-meta":{"desktop":{"background-color":"var(--ast-global-color-5)","background-image":"","background-repeat":"repeat","background-position":"center center","background-size":"auto","background-attachment":"scroll","background-type":"","background-media":"","overlay-type":"","overlay-color":"","overlay-opacity":"","overlay-gradient":""},"tablet":{"background-color":"var(--ast-global-color-5)","background-image":"","background-repeat":"repeat","background-position":"center center","background-size":"auto","background-attachment":"scroll","background-type":"","background-media":"","overlay-type":"","overlay-color":"","overlay-opacity":"","overlay-gradient":""},"mobile":{"background-color":"var(--ast-global-color-5)","background-image":"","background-repeat":"repeat","background-position":"center center","background-size":"auto","background-attachment":"scroll","background-type":"","background-media":"","overlay-type":"","overlay-color":"","overlay-opacity":"","overlay-gradient":""}},"footnotes":""},"class_list":["post-1787","page","type-page","status-publish","hentry"],"_links":{"self":[{"href":"https:\/\/slco.info\/en\/wp-json\/wp\/v2\/pages\/1787","targetHints":{"allow":["GET"]}}],"collection":[{"href":"https:\/\/slco.info\/en\/wp-json\/wp\/v2\/pages"}],"about":[{"href":"https:\/\/slco.info\/en\/wp-json\/wp\/v2\/types\/page"}],"author":[{"embeddable":true,"href":"https:\/\/slco.info\/en\/wp-json\/wp\/v2\/users\/1"}],"replies":[{"embeddable":true,"href":"https:\/\/slco.info\/en\/wp-json\/wp\/v2\/comments?post=1787"}],"version-history":[{"count":22,"href":"https:\/\/slco.info\/en\/wp-json\/wp\/v2\/pages\/1787\/revisions"}],"predecessor-version":[{"id":1946,"href":"https:\/\/slco.info\/en\/wp-json\/wp\/v2\/pages\/1787\/revisions\/1946"}],"wp:attachment":[{"href":"https:\/\/slco.info\/en\/wp-json\/wp\/v2\/media?parent=1787"}],"curies":[{"name":"wp","href":"https:\/\/api.w.org\/{rel}","templated":true}]}}